{"id":87,"date":"2013-06-20T07:41:52","date_gmt":"2013-06-20T05:41:52","guid":{"rendered":"http:\/\/henfenfeld-evangelisch.de\/?page_id=87"},"modified":"2013-06-22T22:14:48","modified_gmt":"2013-06-22T20:14:48","slug":"nikolauskirche","status":"publish","type":"page","link":"https:\/\/henfenfeld-evangelisch.de\/wp\/informationen\/nikolauskirche\/","title":{"rendered":"Nikolauskirche"},"content":{"rendered":"<p><a href=\"https:\/\/henfenfeld-evangelisch.de\/wp-content\/uploads\/2013\/06\/nikolauskirche.jpg\"><img loading=\"lazy\" decoding=\"async\" class=\"size-full wp-image-91 alignnone\" alt=\"nikolauskirche\" src=\"https:\/\/henfenfeld-evangelisch.de\/wp-content\/uploads\/2013\/06\/nikolauskirche.jpg\" width=\"180\" height=\"258\" \/><\/a><\/p>\n<h3>Unsere Nikolauskirche<\/h3>\n<p>Die Nikolauskirche hat eine lange Baugeschichte. Urspr\u00fcnglich war sie als Chorturmkirche erbaut. Der hohe gotische Turm wurde erst 1491\u00a0 angebaut. Das Langschiff ist in der Barockzeit mit Emporen und einer stuckverzierten Tonnendecke ausgeschm\u00fcckt worden. Seit dem 16. Jahrhundert waren die Schlo\u00dfherren von Henfenfeld, die N\u00fcrnberger\u00a0 Patrizierfamilie Pfinzing, die Patrone der Kirche. Sie stifteten viele Einrichtungs- gegenst\u00e4nde, wie Glasfenster und Totenschilde. Unter dem Chor lie\u00dfen sie eine Gruft anlegen. Erw\u00e4hnenswerte Kunstwerke sind:<\/p>\n<p><a href=\"https:\/\/henfenfeld-evangelisch.de\/wp-content\/uploads\/2013\/06\/a_henfenfeld_glasbild.jpg\"><img loading=\"lazy\" decoding=\"async\" class=\"size-full wp-image-90 alignleft\" alt=\"a_henfenfeld_glasbild\" src=\"https:\/\/henfenfeld-evangelisch.de\/wp-content\/uploads\/2013\/06\/a_henfenfeld_glasbild.jpg\" width=\"219\" height=\"440\" srcset=\"https:\/\/henfenfeld-evangelisch.de\/wp\/wp-content\/uploads\/2013\/06\/a_henfenfeld_glasbild.jpg 219w, https:\/\/henfenfeld-evangelisch.de\/wp\/wp-content\/uploads\/2013\/06\/a_henfenfeld_glasbild-149x300.jpg 149w\" sizes=\"auto, (max-width: 219px) 100vw, 219px\" \/><\/a>Die Glasmalereien stammen aus der N\u00fcrnberger Werkstatt des Veit Hirsvogel. Sie sind nach Vorlagen D\u00fcrers und Baldung Griens gefertigt. Sie geh\u00f6rten zu einem Zyklus mit ehemals \u00fcber 50 Bildern aus dem nicht mehr bestehenden Karmeliterkloster in N\u00fcrnberg und kamen erst im 18. Jh. nach Henfenfeld. Weitere Glasbilder aus diesem Zyklus befinden sich heute in den Kirchen von Gro\u00dfgr\u00fcndlach und W\u00f6hrd (N\u00fcrnberg).<\/p>\n<p>&nbsp;<\/p>\n<p><a href=\"https:\/\/henfenfeld-evangelisch.de\/wp-content\/uploads\/2013\/06\/grabmal.jpg\"><img loading=\"lazy\" decoding=\"async\" class=\"size-full wp-image-89 alignright\" alt=\"grabmal\" src=\"https:\/\/henfenfeld-evangelisch.de\/wp-content\/uploads\/2013\/06\/grabmal.jpg\" width=\"264\" height=\"400\" srcset=\"https:\/\/henfenfeld-evangelisch.de\/wp\/wp-content\/uploads\/2013\/06\/grabmal.jpg 264w, https:\/\/henfenfeld-evangelisch.de\/wp\/wp-content\/uploads\/2013\/06\/grabmal-198x300.jpg 198w\" sizes=\"auto, (max-width: 264px) 100vw, 264px\" \/><\/a><\/p>\n<p>&nbsp;<\/p>\n<p>&nbsp;<\/p>\n<p>&nbsp;<\/p>\n<p>&nbsp;<\/p>\n<p>&nbsp;<\/p>\n<p>&nbsp;<\/p>\n<p>Der letzte Schlo\u00dfherr aus dem Geschlecht der Pfinzing, Johann Siegmund, starb am 10.3.1764 kinderlos und wurde in der Gruft begraben. Seine\u00a0 Witwe lie\u00df vom Bamberger Hofbildhauer Joseph Bonaventura Mutschele identische Denkm\u00e4ler f\u00fcr ihren verstorbenen Gatten in Henfenfeld und in der zweiten Patronatskirche Gro\u00dfgr\u00fcndlach aufstellen.<\/p>\n<p><a href=\"https:\/\/henfenfeld-evangelisch.de\/wp-content\/uploads\/2013\/06\/malerei_reich.jpg\"><img loading=\"lazy\" decoding=\"async\" class=\"alignnone size-full wp-image-88\" alt=\"malerei_reich\" src=\"https:\/\/henfenfeld-evangelisch.de\/wp-content\/uploads\/2013\/06\/malerei_reich.jpg\" width=\"400\" height=\"300\" srcset=\"https:\/\/henfenfeld-evangelisch.de\/wp\/wp-content\/uploads\/2013\/06\/malerei_reich.jpg 400w, https:\/\/henfenfeld-evangelisch.de\/wp\/wp-content\/uploads\/2013\/06\/malerei_reich-300x225.jpg 300w\" sizes=\"auto, (max-width: 400px) 100vw, 400px\" \/><\/a><\/p>\n<p>Die Emporen sind mit Tafeln geschm\u00fcckt, die der Hersbrucker Maler Johann Christoph Reich in den Jahren 1729\/30 mit\u00a0biblischen \u00d6lgem\u00e4lden ausgeschm\u00fcckt\u00a0 hat. Sie wurden von Henfenfelder B\u00fcrgern f\u00fcr die Kirche zum Preis von \u201cje 1 Gulden 30 Kreuzer\u201d gestiftet, laut einer Notiz in den Kirchenb\u00fcchern.<\/p>\n","protected":false},"excerpt":{"rendered":"<p>Unsere Nikolauskirche Die Nikolauskirche hat eine lange Baugeschichte. Urspr\u00fcnglich war sie als Chorturmkirche erbaut. Der hohe gotische Turm wurde erst 1491\u00a0 angebaut. Das Langschiff ist in der Barockzeit mit Emporen und einer stuckverzierten Tonnendecke ausgeschm\u00fcckt worden. Seit dem 16. Jahrhundert &hellip;<\/p>\n<p class=\"read-more\"> <a class=\"more-link\" href=\"https:\/\/henfenfeld-evangelisch.de\/wp\/informationen\/nikolauskirche\/\"> <span class=\"screen-reader-text\">Nikolauskirche<\/span> Weiterlesen &raquo;<\/a><\/p>\n","protected":false},"author":1,"featured_media":0,"parent":65,"menu_order":0,"comment_status":"closed","ping_status":"closed","template":"","meta":{"footnotes":""},"class_list":["post-87","page","type-page","status-publish","hentry"],"_links":{"self":[{"href":"https:\/\/henfenfeld-evangelisch.de\/wp\/wp-json\/wp\/v2\/pages\/87","targetHints":{"allow":["GET"]}}],"collection":[{"href":"https:\/\/henfenfeld-evangelisch.de\/wp\/wp-json\/wp\/v2\/pages"}],"about":[{"href":"https:\/\/henfenfeld-evangelisch.de\/wp\/wp-json\/wp\/v2\/types\/page"}],"author":[{"embeddable":true,"href":"https:\/\/henfenfeld-evangelisch.de\/wp\/wp-json\/wp\/v2\/users\/1"}],"replies":[{"embeddable":true,"href":"https:\/\/henfenfeld-evangelisch.de\/wp\/wp-json\/wp\/v2\/comments?post=87"}],"version-history":[{"count":18,"href":"https:\/\/henfenfeld-evangelisch.de\/wp\/wp-json\/wp\/v2\/pages\/87\/revisions"}],"predecessor-version":[{"id":199,"href":"https:\/\/henfenfeld-evangelisch.de\/wp\/wp-json\/wp\/v2\/pages\/87\/revisions\/199"}],"up":[{"embeddable":true,"href":"https:\/\/henfenfeld-evangelisch.de\/wp\/wp-json\/wp\/v2\/pages\/65"}],"wp:attachment":[{"href":"https:\/\/henfenfeld-evangelisch.de\/wp\/wp-json\/wp\/v2\/media?parent=87"}],"curies":[{"name":"wp","href":"https:\/\/api.w.org\/{rel}","templated":true}]}}