{"id":1183,"date":"2018-05-24T11:03:35","date_gmt":"2018-05-24T09:03:35","guid":{"rendered":"http:\/\/henfenfeld-evangelisch.de\/?page_id=1183"},"modified":"2025-11-18T10:53:32","modified_gmt":"2025-11-18T09:53:32","slug":"datenschutzerklaerung","status":"publish","type":"page","link":"https:\/\/henfenfeld-evangelisch.de\/wp\/informationen\/datenschutzerklaerung\/","title":{"rendered":"Datenschutzerkl\u00e4rung"},"content":{"rendered":"<p><strong>Kontaktdaten und Ansprechpartner:<\/strong><\/p>\n<p><i>Evangelisch-Lutherische Pfarrei Hammerbachtal<\/i><br \/>\n<i>Hauptstra\u00dfe 35<\/i><br \/>\n<i>91238 Offenhausen<\/i><br \/>\n<i>Deutschland<\/i><br \/>\n<i>Tel.: 09158 273<\/i><br \/>\n<i>E-Mail:\u00a0<a href=\"mailto:pfarramt.hammerbachtal@elkb.de\">pfarramt.hammerbachtal@elkb.de<\/a><\/i><br \/>\n<i>Website: www.henfenfeld-evangelisch.de<\/i><\/p>\n<p><i><\/i><br \/>\n<b>Umfang der Verarbeitung personenbezogener Daten<\/b><\/p>\n<p>Auf unserer Website werden keine personenbezogene Daten verarbeitet.<\/p>\n<p><b>Bereitstellung der Website und Erstellung von Logfiles<\/b><\/p>\n<p>Bei jedem Aufruf unserer Internetseite erfasst unser System automatisiert Daten und Informationen vom Computersystem des aufrufenden Rechners.<span class=\"Apple-converted-space\">\u00a0<\/span><\/p>\n<p>Folgende Daten werden hierbei erhoben:<\/p>\n<p>(1) Informationen \u00fcber den Browsertyp und die verwendete Version<br \/>\n(2) Das Betriebssystem des Nutzers<br \/>\n(3) Die IP-Adresse des Nutzers<br \/>\n(4) Datum und Uhrzeit des Zugriffs<\/p>\n<p>Die Daten werden ebenfalls in den Logfiles unseres Systems gespeichert. Eine Speicherung dieser Daten zusammen mit anderen personenbezogenen Daten des Nutzers findet nicht statt.<\/p>\n<p>Rechtsgrundlage f\u00fcr die vor\u00fcbergehende Speicherung der Daten und der Logfiles ist Art.\u00a06 Abs.\u00a01 lit.\u00a0f DSGVO.<\/p>\n<p>Die Speicherung in Logfiles erfolgt, um die Funktionsf\u00e4higkeit der Website sicherzustellen. Zudem dienen uns die Daten zur Optimierung der Website und zur Sicherstellung der Sicherheit unserer informationstechnischen Systeme. Eine Auswertung der Daten zu Marketingzwecken findet in diesem Zusammenhang nicht statt.<span class=\"Apple-converted-space\">\u00a0<\/span><\/p>\n<p>In diesen Zwecken liegt auch unser berechtigtes Interesse an der Datenverarbeitung nach Art.\u00a06 Abs.\u00a01 lit.\u00a0f DSGVO.<\/p>\n<p><b>Dauer der Speicherung<\/b><\/p>\n<p>Die Daten werden gel\u00f6scht, sobald sie f\u00fcr die Erreichung des Zweckes ihrer Erhebung nicht mehr erforderlich sind. Im Falle der Erfassung der Daten zur Bereitstellung der Website ist dies der Fall, wenn die jeweilige Sitzung beendet ist.<span class=\"Apple-converted-space\">\u00a0<\/span><\/p>\n<p>Im Falle der Speicherung der Daten in Logfiles ist dies nach sp\u00e4testens sieben Tagen der Fall. Eine dar\u00fcber hinausgehende Speicherung ist m\u00f6glich. In diesem Fall werden die IP-Adressen der Nutzer gel\u00f6scht oder verfremdet, sodass eine Zuordnung des aufrufenden Clients nicht mehr m\u00f6glich ist.<\/p>\n<p><b>Widerspruchs- und Beseitigungsm\u00f6glichkeit<\/b><\/p>\n<p>Die Erfassung der Daten zur Bereitstellung der Website und die Speicherung der Daten in Logfiles ist f\u00fcr den Betrieb der Internetseite zwingend erforderlich. Es besteht folglich seitens des Nutzers keine Widerspruchsm\u00f6glichkeit.<span class=\"Apple-converted-space\">\u00a0<\/span><\/p>\n<p><b>Verwendung von Cookies<\/b><\/p>\n<p>Unsere Webseite verwendet Cookies. Bei Cookies handelt es sich um Textdateien, die im Internetbrowser bzw. vom Internetbrowser auf dem Computersystem des Nutzers gespeichert werden. Ruft ein Nutzer eine Website auf, so kann ein Cookie auf dem Betriebssystem des Nutzers gespeichert werden. Dieser Cookie enth\u00e4lt eine charakteristische Zeichenfolge, die eine eindeutige Identifizierung des Browsers beim erneuten Aufrufen der Website erm\u00f6glicht.<span class=\"Apple-converted-space\">\u00a0<\/span><\/p>\n<p>Wir setzen Cookies ein, um unsere Website nutzerfreundlicher zu gestalten. Einige Elemente unserer Internetseite erfordern es, dass der aufrufende Browser auch nach einem Seitenwechsel identifiziert werden kann.<span class=\"Apple-converted-space\">\u00a0<\/span><\/p>\n<p><b>Dauer der Speicherung, Widerspruchs- und Beseitigungsm\u00f6glichkeit<\/b><\/p>\n<p>Cookies werden auf dem Rechner des Nutzers gespeichert und von diesem an unserer Seite \u00fcbermittelt. Daher haben Sie als Nutzer auch die volle Kontrolle \u00fcber die Verwendung von Cookies. Durch eine \u00c4nderung der Einstellungen in Ihrem Internetbrowser k\u00f6nnen Sie die \u00dcbertragung von Cookies deaktivieren oder einschr\u00e4nken. Bereits gespeicherte Cookies k\u00f6nnen jederzeit gel\u00f6scht werden. Dies kann auch automatisiert erfolgen. Werden Cookies f\u00fcr unsere Website deaktiviert, k\u00f6nnen m\u00f6glicherweise nicht mehr alle Funktionen der Website vollumf\u00e4nglich genutzt werden.<\/p>\n<p><b>Auskunftsrecht<\/b><\/p>\n<p>Sie k\u00f6nnen von dem Verantwortlichen eine Best\u00e4tigung dar\u00fcber verlangen, ob personenbezogene Daten, die Sie betreffen, von uns verarbeitet werden.<\/p>\n<p>Zum aktuellen Zeitpunkt werden auf unserer Internetseite keine personenbezogenen Daten verarbeitet.<\/p>\n<p>Stand 18.11.2025<\/p>\n","protected":false},"excerpt":{"rendered":"<p>Kontaktdaten und Ansprechpartner: Evangelisch-Lutherische Pfarrei Hammerbachtal Hauptstra\u00dfe 35 91238 Offenhausen Deutschland Tel.: 09158 273 E-Mail:\u00a0pfarramt.hammerbachtal@elkb.de Website: www.henfenfeld-evangelisch.de Umfang der Verarbeitung personenbezogener Daten Auf unserer Website werden keine personenbezogene Daten verarbeitet. Bereitstellung der Website und Erstellung von Logfiles Bei jedem Aufruf &hellip;<\/p>\n<p class=\"read-more\"> <a class=\"more-link\" href=\"https:\/\/henfenfeld-evangelisch.de\/wp\/informationen\/datenschutzerklaerung\/\"> <span class=\"screen-reader-text\">Datenschutzerkl\u00e4rung<\/span> Weiterlesen &raquo;<\/a><\/p>\n","protected":false},"author":4,"featured_media":0,"parent":65,"menu_order":0,"comment_status":"closed","ping_status":"closed","template":"","meta":{"footnotes":""},"class_list":["post-1183","page","type-page","status-publish","hentry"],"_links":{"self":[{"href":"https:\/\/henfenfeld-evangelisch.de\/wp\/wp-json\/wp\/v2\/pages\/1183","targetHints":{"allow":["GET"]}}],"collection":[{"href":"https:\/\/henfenfeld-evangelisch.de\/wp\/wp-json\/wp\/v2\/pages"}],"about":[{"href":"https:\/\/henfenfeld-evangelisch.de\/wp\/wp-json\/wp\/v2\/types\/page"}],"author":[{"embeddable":true,"href":"https:\/\/henfenfeld-evangelisch.de\/wp\/wp-json\/wp\/v2\/users\/4"}],"replies":[{"embeddable":true,"href":"https:\/\/henfenfeld-evangelisch.de\/wp\/wp-json\/wp\/v2\/comments?post=1183"}],"version-history":[{"count":9,"href":"https:\/\/henfenfeld-evangelisch.de\/wp\/wp-json\/wp\/v2\/pages\/1183\/revisions"}],"predecessor-version":[{"id":1947,"href":"https:\/\/henfenfeld-evangelisch.de\/wp\/wp-json\/wp\/v2\/pages\/1183\/revisions\/1947"}],"up":[{"embeddable":true,"href":"https:\/\/henfenfeld-evangelisch.de\/wp\/wp-json\/wp\/v2\/pages\/65"}],"wp:attachment":[{"href":"https:\/\/henfenfeld-evangelisch.de\/wp\/wp-json\/wp\/v2\/media?parent=1183"}],"curies":[{"name":"wp","href":"https:\/\/api.w.org\/{rel}","templated":true}]}}